{"id":2241,"date":"2017-03-16T11:35:28","date_gmt":"2017-03-16T11:35:28","guid":{"rendered":"https:\/\/www.innovabiomed.it\/privacy-policy\/"},"modified":"2020-02-17T10:26:33","modified_gmt":"2020-02-17T09:26:33","slug":"privacy-policy","status":"publish","type":"page","link":"https:\/\/www.innovabiomed.it\/en\/privacy-policy\/","title":{"rendered":"Privacy policy"},"content":{"rendered":"<p>[vc_row][vc_column]\n\t\t\t\t\t<div class=\"jx-ievent-title-3 jx-ievent-dark\">\n\t\t\t\t\t\t<div class=\"jx-ievent-title jx-ievent-uppercase\">PRIVACY<span> <\/span><\/div>\n\t\t\t\t\t\t<div class=\"jx-ievent-hr-title\"><\/div>\n\t\t\t\t   <\/div>\n\t\t\t\t[vc_column_text]<\/p>\n<div class=\"col-xs-12 contentSection__theContent\">\n<p><img decoding=\"async\" loading=\"lazy\" class=\"alignnone wp-image-1819 size-full\" src=\"https:\/\/www.innovabiomed.it\/wp-content\/uploads\/2017\/03\/keyboard-895556_960_720.jpg\" alt=\"\" width=\"960\" height=\"541\" \/><\/p>\n<h3><\/h3>\n<h3>Privacy Policy\/ITA<\/h3>\n<p><strong>Privacy policy sito <a href=\"http:\/\/www.innovabiomed.it\">www.innovabiomed.it<\/a> <\/strong><\/p>\n<p>Veronafiere S.p.A. ai sensi dell\u2019articolo 13 del Regolamento europeo n.2016\/679 (di seguito \u201c<strong>GDPR<\/strong>\u201d) Le fornisce di seguito le informazioni relative al trattamento dei Suoi dati personali in occasione della visita al sito <strong><a href=\"http:\/\/www.innovabiomed.it\">www.innovabiomed.it<\/a> <\/strong>(di seguito, \u201c<strong>Sito<\/strong>\u201d).<\/p>\n<p>&nbsp;<\/p>\n<p><strong>Titolare del trattamento e Responsabile della protezione dati (DPO)<\/strong><\/p>\n<p>Titolare del trattamento \u00e8 Veronafiere S.p.A. Viale del Lavoro, 8, 37135 Verona VR, Tel. 045 8298111 &#8211; Fax 045 82 98 288, email <a href=\"mailto:info@veronafiere.it\">info@veronafiere.it<\/a> (di seguito, anche \u201c<strong>Societ\u00e0<\/strong>\u201d o \u201c<strong>Titolare<\/strong>\u201d).<\/p>\n<p>Il DPO \u00e8 contattabile all\u2019indirizzo email: dpo@veronafiere.eu<\/p>\n<p><strong>\u00a0<\/strong><\/p>\n<p><strong>Finalit\u00e0 del trattamento, basi giuridiche e termini di conservazione<\/strong><\/p>\n<p><em>&#8211;\u00a0\u00a0\u00a0\u00a0\u00a0\u00a0\u00a0\u00a0\u00a0\u00a0\u00a0\u00a0\u00a0\u00a0\u00a0 Dati di navigazione<\/em><\/p>\n<p>I sistemi informatici e le procedure software preposte al funzionamento del Sito acquisiscono, nel corso del loro normale esercizio, alcuni dati personali la cui trasmissione \u00e8 implicita nell\u2019uso dei protocolli di comunicazione di Internet. Si tratta di informazioni che non sono raccolte per essere associate a interessati identificati, ma che, per loro stessa natura, potrebbero, attraverso elaborazioni ed associazioni con dati detenuti da terzi, permettere di identificare gli utenti.<\/p>\n<p>In questa categoria di dati rientrano gli indirizzi IP o i nomi a dominio dei computer utilizzati dagli utenti che si connettono al Sito, gli indirizzi in notazione URI (Uniform Resource Identifier) delle risorse richieste, l\u2019orario della richiesta, il metodo utilizzato nel sottoporre la richiesta al server, la dimensione del file ottenuto in risposta, il codice numerico indicante lo stato della risposta data dal server (buon fine, errore, ecc.) ed altri parametri relativi al sistema operativo e all\u2019ambiente informatico dell\u2019utente.<\/p>\n<p>Questi dati vengono utilizzati al solo fine di ricavare informazioni statistiche anonime sull\u2019uso del Sito e per controllarne il corretto funzionamento.<\/p>\n<p>Questi dati vengono cancellati trascorsi 20 giorni.<\/p>\n<p>I dati potrebbero essere utilizzati per l\u2019accertamento di responsabilit\u00e0 in caso di ipotetici reati informatici ai danni del Sito.<\/p>\n<p>La base giuridica che legittima il trattamento dei dati personali \u00e8 il legittimo interesse del Titolare del trattamento.<\/p>\n<p><em>\u00a0<\/em><\/p>\n<p><em>&#8211; Dati forniti volontariamente<\/em><\/p>\n<p>In alcune sezioni del Sito, Le verr\u00e0 richiesto di fornire dati personali. In tal caso Le verr\u00e0 fornita l&#8217;informativa ai sensi dell&#8217;articolo 13 del GDPR relativa al trattamento dei dati personali in relazione alle singole finalit\u00e0 perseguite.<\/p>\n<p>&nbsp;<\/p>\n<p><em>&#8211; Cookie<\/em><\/p>\n<p>Le informazioni relative ai cookie utilizzati su questo Sito sono reperibili alla seguente pagina:<\/p>\n<p><a href=\"\/?page_id=4553\">https:\/\/www.innovabiomed.it\/<strong>informativa-estesa-sui-cookie<\/strong>\/<\/a><\/p>\n<p>&nbsp;<\/p>\n<p><strong>\u00a0<\/strong><\/p>\n<p><strong>Conferimento dei dati<\/strong><\/p>\n<p>A parte quanto specificato sopra per i dati di navigazione e nelle informative ai sensi dell\u2019articolo 13 del GDPR fornite nelle singole sezioni del Sito, il conferimento dei dati per finalit\u00e0 ulteriori \u00e8 facoltativo. Il loro mancato conferimento pu\u00f2 comportare l\u2019impossibilit\u00e0 di perseguire tali ulteriori finalit\u00e0.<\/p>\n<p>&nbsp;<\/p>\n<p><strong>Modalit\u00e0 del trattamento<\/strong><\/p>\n<p>I Suoi dati personali saranno trattati con strumenti automatizzati per il tempo strettamente necessario a conseguire gli scopi per cui sono stati raccolti.<\/p>\n<p>Specifiche misure di sicurezza sono osservate per prevenire la perdita dei dati, usi illeciti o non corretti ed accessi non autorizzati.<\/p>\n<p><strong>\u00a0<\/strong><\/p>\n<p><strong>\u00a0<\/strong><\/p>\n<p><strong>\u00a0<\/strong><\/p>\n<p><strong>Categorie di destinatari dei dati personali<\/strong><\/p>\n<p>I Suoi Dati Personali saranno trattati da dipendenti e\/o collaboratori del Titolare che hanno ricevuto adeguate istruzioni operative e che sono stati espressamente autorizzati al trattamento.<\/p>\n<p>I Suoi dati potranno a essere comunicati a soggetti, autonomi titolari del trattamento, quali a titolo esemplificativo a:<\/p>\n<p>&#8211; autorit\u00e0 ed organi di vigilanza e controllo ed in generale soggetti, pubblici o privati, legittimati a richiedere i dati;<\/p>\n<p>&#8211; avvocati, commercialisti, revisori.<\/p>\n<p>I dati possono altres\u00ec essere trattati, per conto della Societ\u00e0, da soggetti esterni designati come responsabili, a cui sono impartite adeguate istruzioni operative, quali a titolo esemplificativo e non esaustivo, societ\u00e0 che svolgono servizi di manutenzione dei sistemi informatici.<\/p>\n<p>L\u2019elenco dei destinatari dei dati \u00e8 costantemente aggiornato e pu\u00f2 essere reperito agevolmente e gratuitamente inviando una comunicazione scritta al Titolare del trattamento all\u2019indirizzo sopra indicato o un\u2019e-mail a all\u2019indirizzo <a href=\"mailto:privacy@veronafiere.it\">privacy@veronafiere.it<\/a>.<\/p>\n<p><strong>\u00a0<\/strong><\/p>\n<p><strong>I Suoi diritti<\/strong><\/p>\n<p>In relazione ai trattamenti dei dati personali effettuati dal Titolare, Lei pu\u00f2 chiedere al Titolare l\u2019accesso ai dati che la riguardano, la loro cancellazione, la rettifica dei dati inesatti, l\u2019integrazione dei dati incompleti, la limitazione del trattamento nei casi previsti dall\u2019articolo 18 GDPR, nonch\u00e9 l\u2019opposizione al trattamento, per motivi connessi alla Sua situazione particolare, nelle ipotesi di legittimo interesse del titolare.<\/p>\n<p>Nel caso in cui il trattamento sia basato sul consenso o sul contratto e sia effettuato con strumenti automatizzati, Lei ha il diritto di ricevere i suoi dati in un formato strutturato, di uso comune e leggibile da dispositivo automatico, nonch\u00e9, se tecnicamente fattibile, di trasmetterli ad altro titolare senza impedimenti.<\/p>\n<p>In ogni momento, Lei potr\u00e0 proporre reclamo all\u2019Autorit\u00e0 Garante per la Protezione dei Dati Personali, nonch\u00e9 ricorrere agli altri mezzi di tutela previsti dalla normativa applicabile.<\/p>\n<p>&nbsp;<\/p>\n<p><strong>Modalit\u00e0 di esercizio dei diritti<\/strong><\/p>\n<p>Per l&#8217;esercizio dei Suoi diritti pu\u00f2 rivolgersi al Titolare del trattamento inviando una comunicazione scritta all\u2019indirizzo sopra indicato oppure un\u2019e\u2010mail a <a href=\"mailto:privacy@veronafiere.it\">privacy@veronafiere.it<\/a>.<\/p>\n<\/div>\n<p>[\/vc_column_text][\/vc_column][\/vc_row]<\/p>\n","protected":false},"excerpt":{"rendered":"<p>[vc_row][vc_column][vc_column_text] Privacy Policy\/ITA Privacy policy sito www.innovabiomed.it Veronafiere S.p.A. ai sensi dell\u2019articolo 13 del Regolamento europeo n.2016\/679 (di seguito \u201cGDPR\u201d) Le fornisce di seguito le informazioni relative al trattamento dei Suoi dati personali in occasione della visita al sito www.innovabiomed.it (di seguito, \u201cSito\u201d). &nbsp; Titolare del trattamento e Responsabile della protezione dati (DPO) Titolare del [&hellip;]<\/p>\n","protected":false},"author":1,"featured_media":3615,"parent":0,"menu_order":99,"comment_status":"closed","ping_status":"closed","template":"template-page-with-sidebar.php","meta":{"om_disable_all_campaigns":false,"_monsterinsights_skip_tracking":false,"_monsterinsights_sitenote_active":false,"_monsterinsights_sitenote_note":"","_monsterinsights_sitenote_category":0},"aioseo_notices":[],"yoast_head":"<!-- This site is optimized with the Yoast SEO plugin v19.9 - https:\/\/yoast.com\/wordpress\/plugins\/seo\/ -->\n<title>Privacy policy - Innovabiomed<\/title>\n<meta name=\"robots\" content=\"index, follow, max-snippet:-1, max-image-preview:large, max-video-preview:-1\" \/>\n<link rel=\"canonical\" href=\"https:\/\/www.innovabiomed.it\/en\/privacy-policy\/\" \/>\n<meta property=\"og:locale\" content=\"en_US\" \/>\n<meta property=\"og:type\" content=\"article\" \/>\n<meta property=\"og:title\" content=\"Privacy policy - Innovabiomed\" \/>\n<meta property=\"og:description\" content=\"[vc_row][vc_column][vc_column_text] Privacy Policy\/ITA Privacy policy sito www.innovabiomed.it Veronafiere S.p.A. ai sensi dell\u2019articolo 13 del Regolamento europeo n.2016\/679 (di seguito \u201cGDPR\u201d) Le fornisce di seguito le informazioni relative al trattamento dei Suoi dati personali in occasione della visita al sito www.innovabiomed.it (di seguito, \u201cSito\u201d). &nbsp; Titolare del trattamento e Responsabile della protezione dati (DPO) Titolare del [&hellip;]\" \/>\n<meta property=\"og:url\" content=\"https:\/\/www.innovabiomed.it\/en\/privacy-policy\/\" \/>\n<meta property=\"og:site_name\" content=\"Innovabiomed\" \/>\n<meta property=\"article:modified_time\" content=\"2020-02-17T09:26:33+00:00\" \/>\n<meta property=\"og:image\" content=\"https:\/\/www.innovabiomed.it\/wp-content\/uploads\/2017\/03\/keyboard-895556_960_720.jpg\" \/>\n\t<meta property=\"og:image:width\" content=\"960\" \/>\n\t<meta property=\"og:image:height\" content=\"541\" \/>\n\t<meta property=\"og:image:type\" content=\"image\/jpeg\" \/>\n<meta name=\"twitter:card\" content=\"summary_large_image\" \/>\n<meta name=\"twitter:label1\" content=\"Est. reading time\" \/>\n\t<meta name=\"twitter:data1\" content=\"4 minutes\" \/>\n<script type=\"application\/ld+json\" class=\"yoast-schema-graph\">{\"@context\":\"https:\/\/schema.org\",\"@graph\":[{\"@type\":\"WebPage\",\"@id\":\"https:\/\/www.innovabiomed.it\/en\/privacy-policy\/\",\"url\":\"https:\/\/www.innovabiomed.it\/en\/privacy-policy\/\",\"name\":\"Privacy policy - Innovabiomed\",\"isPartOf\":{\"@id\":\"https:\/\/www.innovabiomed.it\/#website\"},\"datePublished\":\"2017-03-16T11:35:28+00:00\",\"dateModified\":\"2020-02-17T09:26:33+00:00\",\"breadcrumb\":{\"@id\":\"https:\/\/www.innovabiomed.it\/en\/privacy-policy\/#breadcrumb\"},\"inLanguage\":\"en-US\",\"potentialAction\":[{\"@type\":\"ReadAction\",\"target\":[\"https:\/\/www.innovabiomed.it\/en\/privacy-policy\/\"]}]},{\"@type\":\"BreadcrumbList\",\"@id\":\"https:\/\/www.innovabiomed.it\/en\/privacy-policy\/#breadcrumb\",\"itemListElement\":[{\"@type\":\"ListItem\",\"position\":1,\"name\":\"Home\",\"item\":\"https:\/\/www.innovabiomed.it\/en\/\"},{\"@type\":\"ListItem\",\"position\":2,\"name\":\"Privacy policy\"}]},{\"@type\":\"WebSite\",\"@id\":\"https:\/\/www.innovabiomed.it\/#website\",\"url\":\"https:\/\/www.innovabiomed.it\/\",\"name\":\"Innovabiomed\",\"description\":\"\",\"publisher\":{\"@id\":\"https:\/\/www.innovabiomed.it\/#organization\"},\"potentialAction\":[{\"@type\":\"SearchAction\",\"target\":{\"@type\":\"EntryPoint\",\"urlTemplate\":\"https:\/\/www.innovabiomed.it\/?s={search_term_string}\"},\"query-input\":\"required name=search_term_string\"}],\"inLanguage\":\"en-US\"},{\"@type\":\"Organization\",\"@id\":\"https:\/\/www.innovabiomed.it\/#organization\",\"name\":\"Innovabiomed\",\"url\":\"https:\/\/www.innovabiomed.it\/\",\"logo\":{\"@type\":\"ImageObject\",\"inLanguage\":\"en-US\",\"@id\":\"https:\/\/www.innovabiomed.it\/#\/schema\/logo\/image\/\",\"url\":\"https:\/\/www.innovabiomed.it\/wp-content\/uploads\/2017\/03\/innovabiomed-1.png\",\"contentUrl\":\"https:\/\/www.innovabiomed.it\/wp-content\/uploads\/2017\/03\/innovabiomed-1.png\",\"width\":436,\"height\":87,\"caption\":\"Innovabiomed\"},\"image\":{\"@id\":\"https:\/\/www.innovabiomed.it\/#\/schema\/logo\/image\/\"}}]}<\/script>\n<!-- \/ Yoast SEO plugin. -->","yoast_head_json":{"title":"Privacy policy - Innovabiomed","robots":{"index":"index","follow":"follow","max-snippet":"max-snippet:-1","max-image-preview":"max-image-preview:large","max-video-preview":"max-video-preview:-1"},"canonical":"https:\/\/www.innovabiomed.it\/en\/privacy-policy\/","og_locale":"en_US","og_type":"article","og_title":"Privacy policy - Innovabiomed","og_description":"[vc_row][vc_column][vc_column_text] Privacy Policy\/ITA Privacy policy sito www.innovabiomed.it Veronafiere S.p.A. ai sensi dell\u2019articolo 13 del Regolamento europeo n.2016\/679 (di seguito \u201cGDPR\u201d) Le fornisce di seguito le informazioni relative al trattamento dei Suoi dati personali in occasione della visita al sito www.innovabiomed.it (di seguito, \u201cSito\u201d). &nbsp; Titolare del trattamento e Responsabile della protezione dati (DPO) Titolare del [&hellip;]","og_url":"https:\/\/www.innovabiomed.it\/en\/privacy-policy\/","og_site_name":"Innovabiomed","article_modified_time":"2020-02-17T09:26:33+00:00","og_image":[{"width":960,"height":541,"url":"https:\/\/www.innovabiomed.it\/wp-content\/uploads\/2017\/03\/keyboard-895556_960_720.jpg","type":"image\/jpeg"}],"twitter_card":"summary_large_image","twitter_misc":{"Est. reading time":"4 minutes"},"schema":{"@context":"https:\/\/schema.org","@graph":[{"@type":"WebPage","@id":"https:\/\/www.innovabiomed.it\/en\/privacy-policy\/","url":"https:\/\/www.innovabiomed.it\/en\/privacy-policy\/","name":"Privacy policy - Innovabiomed","isPartOf":{"@id":"https:\/\/www.innovabiomed.it\/#website"},"datePublished":"2017-03-16T11:35:28+00:00","dateModified":"2020-02-17T09:26:33+00:00","breadcrumb":{"@id":"https:\/\/www.innovabiomed.it\/en\/privacy-policy\/#breadcrumb"},"inLanguage":"en-US","potentialAction":[{"@type":"ReadAction","target":["https:\/\/www.innovabiomed.it\/en\/privacy-policy\/"]}]},{"@type":"BreadcrumbList","@id":"https:\/\/www.innovabiomed.it\/en\/privacy-policy\/#breadcrumb","itemListElement":[{"@type":"ListItem","position":1,"name":"Home","item":"https:\/\/www.innovabiomed.it\/en\/"},{"@type":"ListItem","position":2,"name":"Privacy policy"}]},{"@type":"WebSite","@id":"https:\/\/www.innovabiomed.it\/#website","url":"https:\/\/www.innovabiomed.it\/","name":"Innovabiomed","description":"","publisher":{"@id":"https:\/\/www.innovabiomed.it\/#organization"},"potentialAction":[{"@type":"SearchAction","target":{"@type":"EntryPoint","urlTemplate":"https:\/\/www.innovabiomed.it\/?s={search_term_string}"},"query-input":"required name=search_term_string"}],"inLanguage":"en-US"},{"@type":"Organization","@id":"https:\/\/www.innovabiomed.it\/#organization","name":"Innovabiomed","url":"https:\/\/www.innovabiomed.it\/","logo":{"@type":"ImageObject","inLanguage":"en-US","@id":"https:\/\/www.innovabiomed.it\/#\/schema\/logo\/image\/","url":"https:\/\/www.innovabiomed.it\/wp-content\/uploads\/2017\/03\/innovabiomed-1.png","contentUrl":"https:\/\/www.innovabiomed.it\/wp-content\/uploads\/2017\/03\/innovabiomed-1.png","width":436,"height":87,"caption":"Innovabiomed"},"image":{"@id":"https:\/\/www.innovabiomed.it\/#\/schema\/logo\/image\/"}}]}},"_links":{"self":[{"href":"https:\/\/www.innovabiomed.it\/en\/wp-json\/wp\/v2\/pages\/2241"}],"collection":[{"href":"https:\/\/www.innovabiomed.it\/en\/wp-json\/wp\/v2\/pages"}],"about":[{"href":"https:\/\/www.innovabiomed.it\/en\/wp-json\/wp\/v2\/types\/page"}],"author":[{"embeddable":true,"href":"https:\/\/www.innovabiomed.it\/en\/wp-json\/wp\/v2\/users\/1"}],"replies":[{"embeddable":true,"href":"https:\/\/www.innovabiomed.it\/en\/wp-json\/wp\/v2\/comments?post=2241"}],"version-history":[{"count":1,"href":"https:\/\/www.innovabiomed.it\/en\/wp-json\/wp\/v2\/pages\/2241\/revisions"}],"predecessor-version":[{"id":4556,"href":"https:\/\/www.innovabiomed.it\/en\/wp-json\/wp\/v2\/pages\/2241\/revisions\/4556"}],"wp:featuredmedia":[{"embeddable":true,"href":"https:\/\/www.innovabiomed.it\/en\/wp-json\/wp\/v2\/media\/3615"}],"wp:attachment":[{"href":"https:\/\/www.innovabiomed.it\/en\/wp-json\/wp\/v2\/media?parent=2241"}],"curies":[{"name":"wp","href":"https:\/\/api.w.org\/{rel}","templated":true}]}}